{"id":7204,"date":"2025-04-21T06:04:34","date_gmt":"2025-04-21T06:04:34","guid":{"rendered":"https:\/\/dnp-mt.com\/?page_id=7204"},"modified":"2025-05-29T10:25:54","modified_gmt":"2025-05-29T10:25:54","slug":"news","status":"publish","type":"page","link":"https:\/\/dnp-mt.com\/en\/news\/","title":{"rendered":"News"},"content":{"rendered":"<div data-elementor-type=\"wp-page\" data-elementor-id=\"7204\" class=\"elementor elementor-7204\" data-elementor-post-type=\"page\">\n\t\t\t\t<div class=\"elementor-element elementor-element-f9a25dd e-flex e-con-boxed sc_layouts_column_icons_position_left e-con e-parent\" data-id=\"f9a25dd\" data-element_type=\"container\">\n\t\t\t\t\t<div class=\"e-con-inner\">\n\t\t\t\t<div class=\"sidebar widget_area elementor-element elementor-element-3de7c10 elementor-widget__width-initial htecom-news-sidebar sc_fly_static elementor-widget elementor-widget-sidebar\" data-id=\"3de7c10\" data-element_type=\"widget\" id=\"htecom-news-sidebar\" data-widget_type=\"sidebar.default\">\n\t\t\t\t<div class=\"elementor-widget-container\">\n\t\t\t\t\t<aside class=\"widget widget_search\"><h5 class=\"widget_title\">Search<\/h5><form role=\"search\" method=\"get\" class=\"search-form\" action=\"https:\/\/dnp-mt.com\/en\/\" data-trp-original-action=\"https:\/\/dnp-mt.com\/en\/\">\n\t\t\t\t<label>\n\t\t\t\t\t<span class=\"screen-reader-text\">Search for:<\/span>\n\t\t\t\t\t<input type=\"search\" class=\"search-field\" placeholder=\"Search &hellip;\" value=\"\" name=\"s\" \/>\n\t\t\t\t<\/label>\n\t\t\t\t<input type=\"submit\" class=\"search-submit\" value=\"Search\" \/>\n\t\t\t<input type=\"hidden\" name=\"trp-form-language\" value=\"en\"\/><\/form><\/aside><aside class=\"widget widget_categories\"><h5 class=\"widget_title\">Categories<\/h5>\n\t\t\t<ul>\n\t\t\t\t\t<li class=\"cat-item cat-item-249\"><a href=\"https:\/\/dnp-mt.com\/en\/category\/co-khi\/\">Mechanical Engineering<\/a>\n<\/li>\n\t<li class=\"cat-item cat-item-247\"><a href=\"https:\/\/dnp-mt.com\/en\/category\/cong-nghe\/\">technology<\/a>\n<\/li>\n\t<li class=\"cat-item cat-item-250\"><a href=\"https:\/\/dnp-mt.com\/en\/category\/may-moc\/\">Machinery<\/a>\n<\/li>\n\t\t\t<\/ul>\n\n\t\t\t<\/aside><aside class=\"widget widget_tag_cloud\"><h5 class=\"widget_title\">Tags<\/h5><div class=\"tagcloud\"><a href=\"https:\/\/dnp-mt.com\/en\/tag\/cnc\/\" class=\"tag-cloud-link tag-link-259 tag-link-position-1\" style=\"font-size: 8pt;\" aria-label=\"CNC (1 item)\">CNC<\/a>\n<a href=\"https:\/\/dnp-mt.com\/en\/tag\/co-khi\/\" class=\"tag-cloud-link tag-link-257 tag-link-position-2\" style=\"font-size: 8pt;\" aria-label=\"C\u01a1 kh\u00ed (1 item)\">Mechanical Engineering<\/a><\/div>\n<\/aside>\t\t\t\t<\/div>\n\t\t\t\t<\/div>\n\t\t\t\t<div class=\"elementor-element elementor-element-aae0913 elementor-widget__width-initial htecom-news-list sc_style_default sc_fly_static elementor-widget elementor-widget-trx_sc_blogger\" data-id=\"aae0913\" data-element_type=\"widget\" id=\"htecom-news-list\" data-widget_type=\"trx_sc_blogger.default\">\n\t\t\t\t<div class=\"elementor-widget-container\">\n\t\t\t\t\t<div  id=\"htecom-news-list_sc\"\t\tclass=\"sc_blogger sc_blogger_excerpt sc_blogger_excerpt_default sc_item_filters_tabs_none alignnone\" ><div class=\"sc_blogger_content sc_item_content sc_item_posts_container posts_container excerpt_wrap no_margin\" ><article id=\"post-10102\" data-post-id=\"10102\"\n\tclass=\"post_item post_item_container post_layout_excerpt post_format_standard post-10102 post type-post status-publish format-standard has-post-thumbnail hentry category-cong-nghe category-may-moc\">\n\t<div class=\"post_featured with_thumb hover_link\"><img fetchpriority=\"high\" decoding=\"async\" width=\"1290\" height=\"725\" src=\"https:\/\/dnp-mt.com\/wp-content\/uploads\/2025\/04\/bccf9be2d0eeba30aece544665c8f63f-1290x725.png\" class=\"attachment-fabrica-thumb-huge size-fabrica-thumb-huge wp-post-image\" alt=\"\" srcset=\"https:\/\/dnp-mt.com\/wp-content\/uploads\/2025\/04\/bccf9be2d0eeba30aece544665c8f63f-1290x725.png 1290w, https:\/\/dnp-mt.com\/wp-content\/uploads\/2025\/04\/bccf9be2d0eeba30aece544665c8f63f-840x473.png 840w, https:\/\/dnp-mt.com\/wp-content\/uploads\/2025\/04\/bccf9be2d0eeba30aece544665c8f63f-410x230.png 410w, https:\/\/dnp-mt.com\/wp-content\/uploads\/2025\/04\/bccf9be2d0eeba30aece544665c8f63f-270x152.png 270w\" sizes=\"(max-width: 1290px) 100vw, 1290px\" \/>\t\t\t\t\t\t<div class=\"mask\"><\/div>\n\t\t\t\t\t\t\t\t\t<a href=\"https:\/\/dnp-mt.com\/en\/doanh-nghiep-co-khi-tang-toc-nho-chuyen-doi-so\/\"  aria-hidden=\"true\" class=\"link\"><\/a>\n\t\t\t<\/div>\t\t<div class=\"post_header entry-header\">\n\t\t\t<h3 class=\"post_title entry-title\"><a href=\"https:\/\/dnp-mt.com\/en\/doanh-nghiep-co-khi-tang-toc-nho-chuyen-doi-so\/\" rel=\"bookmark\">Mechanical Enterprises Accelerate Through Digital Transformation<\/a><\/h3>\t\t<\/div><!-- .post_header -->\n\t\t\t\t<div class=\"post_content entry-content\">\n\t\t\t<div class=\"post_meta\"><span class=\"post_meta_item post_date\"><a href=\"https:\/\/dnp-mt.com\/en\/doanh-nghiep-co-khi-tang-toc-nho-chuyen-doi-so\/\">27 May, 2025<\/a><\/span><\/div><div class=\"post_content_inner\">Digital transformation is becoming a key driving force helping mechanical enterprises improve quality, increase output, optimize management, and expand operations....<\/div><p><a class=\"post-more-link\" href=\"https:\/\/dnp-mt.com\/en\/doanh-nghiep-co-khi-tang-toc-nho-chuyen-doi-so\/\"><span class=\"link-text\">Read more<\/span><span class=\"more-link-icon\"><\/span><\/a><\/p>\t\t<\/div><!-- .entry-content -->\n\t\t<\/article>\n<article id=\"post-10097\" data-post-id=\"10097\"\n\tclass=\"post_item post_item_container post_layout_excerpt post_format_standard post-10097 post type-post status-publish format-standard has-post-thumbnail hentry category-co-khi tag-cnc tag-co-khi\">\n\t<div class=\"post_featured with_thumb hover_link\"><img decoding=\"async\" width=\"800\" height=\"540\" src=\"https:\/\/dnp-mt.com\/wp-content\/uploads\/2025\/05\/gia-cong-cnc-1.jpg\" class=\"attachment-fabrica-thumb-huge size-fabrica-thumb-huge wp-post-image\" alt=\"\" srcset=\"https:\/\/dnp-mt.com\/wp-content\/uploads\/2025\/05\/gia-cong-cnc-1.jpg 800w, https:\/\/dnp-mt.com\/wp-content\/uploads\/2025\/05\/gia-cong-cnc-1-300x203.jpg 300w, https:\/\/dnp-mt.com\/wp-content\/uploads\/2025\/05\/gia-cong-cnc-1-768x518.jpg 768w, https:\/\/dnp-mt.com\/wp-content\/uploads\/2025\/05\/gia-cong-cnc-1-18x12.jpg 18w, https:\/\/dnp-mt.com\/wp-content\/uploads\/2025\/05\/gia-cong-cnc-1-370x250.jpg 370w, https:\/\/dnp-mt.com\/wp-content\/uploads\/2025\/05\/gia-cong-cnc-1-410x277.jpg 410w\" sizes=\"(max-width: 800px) 100vw, 800px\" \/>\t\t\t\t\t\t<div class=\"mask\"><\/div>\n\t\t\t\t\t\t\t\t\t<a href=\"https:\/\/dnp-mt.com\/en\/gia-cong-cnc-xu-huong-san-xuat-hien-dai-dan-dau-cong-nghe-che-tao-co-khi\/\"  aria-hidden=\"true\" class=\"link\"><\/a>\n\t\t\t<\/div>\t\t<div class=\"post_header entry-header\">\n\t\t\t<h3 class=\"post_title entry-title\"><a href=\"https:\/\/dnp-mt.com\/en\/gia-cong-cnc-xu-huong-san-xuat-hien-dai-dan-dau-cong-nghe-che-tao-co-khi\/\" rel=\"bookmark\">CNC Machining \u2013 A Modern Manufacturing Trend Leading Mechanical Engineering Technology<\/a><\/h3>\t\t<\/div><!-- .post_header -->\n\t\t\t\t<div class=\"post_content entry-content\">\n\t\t\t<div class=\"post_meta\"><span class=\"post_meta_item post_date\"><a href=\"https:\/\/dnp-mt.com\/en\/gia-cong-cnc-xu-huong-san-xuat-hien-dai-dan-dau-cong-nghe-che-tao-co-khi\/\">27 May, 2025<\/a><\/span><\/div><div class=\"post_content_inner\">In recent years, CNC machining(Computer Numerical Control) CNC is gradually becoming the standard in modern mechanical manufacturing. With the ability to create precise parts,....<\/div><p><a class=\"post-more-link\" href=\"https:\/\/dnp-mt.com\/en\/gia-cong-cnc-xu-huong-san-xuat-hien-dai-dan-dau-cong-nghe-che-tao-co-khi\/\"><span class=\"link-text\">Read more<\/span><span class=\"more-link-icon\"><\/span><\/a><\/p>\t\t<\/div><!-- .entry-content -->\n\t\t<\/article>\n<\/div><\/div>\t\t\t\t<\/div>\n\t\t\t\t<\/div>\n\t\t\t\t<div class=\"elementor-element elementor-element-7d51043 sc_fly_static elementor-widget elementor-widget-html\" data-id=\"7d51043\" data-element_type=\"widget\" data-widget_type=\"html.default\">\n\t\t\t\t<div class=\"elementor-widget-container\">\n\t\t\t\t\t<script>\n  document.querySelector(\".htecom-news-sidebar .search-field\").placeholder = \"T\u1eeb Kh\u00f3a\";\n<\/script>\n\t\t\t\t<\/div>\n\t\t\t\t<\/div>\n\t\t\t\t<div class=\"elementor-element elementor-element-d7b4839 sc_fly_static elementor-widget elementor-widget-html\" data-id=\"d7b4839\" data-element_type=\"widget\" data-widget_type=\"html.default\">\n\t\t\t\t<div class=\"elementor-widget-container\">\n\t\t\t\t\t<script>\n    document.addEventListener(\"DOMContentLoaded\", function() {\n    \/\/ L\u1ea5y t\u1ea5t c\u1ea3 c\u00e1c ph\u1ea7n t\u1eed c\u00f3 class 'post-date' ch\u1ee9a th\u1ebb <a>\n    const timeElements = document.querySelectorAll('.post_date a'); \/\/ L\u1ea5y t\u1ea5t c\u1ea3 th\u1ebb <a> trong .post-date\n\n    \/\/ Ki\u1ec3m tra ng\u00f4n ng\u1eef hi\u1ec7n t\u1ea1i\n    const currentLang = document.documentElement.lang || 'en';  \/\/ L\u1ea5y ng\u00f4n ng\u1eef t\u1eeb th\u1ebb <html>\n\n    \/\/ H\u00e0m \u0111\u1ec3 chuy\u1ec3n \u0111\u1ed5i t\u1eeb chu\u1ed7i ti\u1ebfng Vi\u1ec7t th\u00e0nh \u0111\u1ecbnh d\u1ea1ng m\u00e0 JavaScript c\u00f3 th\u1ec3 hi\u1ec3u\n    function parseVietnameseDate(dateStr) {\n        \/\/ Lo\u1ea1i b\u1ecf t\u1eeb \"ago\" v\u00e0 c\u00e1c k\u00fd t\u1ef1 kh\u00f4ng c\u1ea7n thi\u1ebft\n        dateStr = dateStr.replace(\/ ago\/g, '').trim();\n\n        const months = {\n            'th\u00e1ng 01': '01', 'th\u00e1ng 02': '02', 'th\u00e1ng 03': '03', 'th\u00e1ng 04': '04',\n            'th\u00e1ng 05': '05', 'th\u00e1ng 06': '06', 'th\u00e1ng 07': '07', 'th\u00e1ng 08': '08',\n            'th\u00e1ng 09': '09', 'th\u00e1ng 10': '10', 'th\u00e1ng 11': '11', 'th\u00e1ng 12': '12'\n        };\n\n        \/\/ T\u00e1ch chu\u1ed7i ng\u00e0y, th\u00e1ng, n\u0103m\n        const regex = \/(\\d+)\\s+th\u00e1ng\\s+(\\d+),\\s+(\\d{4})\/;\n        const match = dateStr.match(regex);\n\n        if (match) {\n            const day = match[1];\n            const month = months[`th\u00e1ng ${match[2]}`];\n            const year = match[3];\n            \n            \/\/ T\u1ea1o chu\u1ed7i ng\u00e0y th\u00e1ng theo \u0111\u1ecbnh d\u1ea1ng YYYY-MM-DD\n            return `${year}-${month}-${day}`;\n        }\n\n        return null;\n    }\n\n    \/\/ H\u00e0m \u0111\u1ec3 \u0111\u1ecbnh d\u1ea1ng ng\u00e0y th\u00e1ng\n    function formatTime(date, lang) {\n        let options;\n        if (lang === 'vi') {\n            \/\/ \u0110\u1ecbnh d\u1ea1ng ng\u00e0y th\u00e1ng n\u0103m cho ti\u1ebfng Vi\u1ec7t\n            options = { day: 'numeric', month: 'long', year: 'numeric' };\n            return new Intl.DateTimeFormat('vi-VN', options).format(date);\n        } else {\n            \/\/ \u0110\u1ecbnh d\u1ea1ng ng\u00e0y th\u00e1ng n\u0103m cho ti\u1ebfng Anh\n            options = { day: 'numeric', month: 'long', year: 'numeric' };\n            return new Intl.DateTimeFormat('en-US', options).format(date);\n        }\n    }\n\n    \/\/ H\u00e0m chuy\u1ec3n \u0111\u1ed5i t\u1eeb \"58 ph\u00fat tr\u01b0\u1edbc\" th\u00e0nh ng\u00e0y th\u00e1ng hi\u1ec7n t\u1ea1i\n    function convertTimeAgoToDate(timeStr) {\n        const minutesRegex = \/(\\d+)\\s*(ph\u00fat|minute)\/;\n        const hoursRegex = \/(\\d+)\\s*(gi\u1edd|hour)\/;\n        const daysRegex = \/(\\d+)\\s*(ng\u00e0y|day)\/;\n\n        let match = timeStr.match(minutesRegex);\n        if (match) {\n            const minutes = match[1];\n            const currentDate = new Date();\n            currentDate.setMinutes(currentDate.getMinutes() - minutes);  \/\/ Gi\u1ea3m s\u1ed1 ph\u00fat \u0111\u00e3 tr\u00f4i qua\n            return formatTime(currentDate, currentLang);  \/\/ \u0110\u1ecbnh d\u1ea1ng theo ng\u00f4n ng\u1eef\n        }\n\n        match = timeStr.match(hoursRegex);\n        if (match) {\n            const hours = match[1];\n            const currentDate = new Date();\n            currentDate.setHours(currentDate.getHours() - hours);  \/\/ Gi\u1ea3m s\u1ed1 gi\u1edd \u0111\u00e3 tr\u00f4i qua\n            return formatTime(currentDate, currentLang);  \/\/ \u0110\u1ecbnh d\u1ea1ng theo ng\u00f4n ng\u1eef\n        }\n\n        match = timeStr.match(daysRegex);\n        if (match) {\n            const days = match[1];\n            const currentDate = new Date();\n            currentDate.setDate(currentDate.getDate() - days);  \/\/ Gi\u1ea3m s\u1ed1 ng\u00e0y \u0111\u00e3 tr\u00f4i qua\n            return formatTime(currentDate, currentLang);  \/\/ \u0110\u1ecbnh d\u1ea1ng theo ng\u00f4n ng\u1eef\n        }\n\n        return timeStr;\n    }\n\n    \/\/ L\u1eb7p qua t\u1ea5t c\u1ea3 c\u00e1c ph\u1ea7n t\u1eed ch\u1ee9a th\u1ebb <a> v\u00e0 thay \u0111\u1ed5i n\u1ed9i dung th\u1eddi gian\n    timeElements.forEach(function (element) {\n        const postDateText = element.textContent.trim(); \/\/ L\u1ea5y gi\u00e1 tr\u1ecb text hi\u1ec7n t\u1ea1i t\u1eeb th\u1ebb <a>\n\n        if (postDateText) {\n            let formattedDate = null;\n            \n            \/\/ Ki\u1ec3m tra n\u1ebfu chu\u1ed7i l\u00e0 m\u1ed9t ng\u00e0y th\u00e1ng th\u1ef1c t\u1ebf\n            const parsedDate = parseVietnameseDate(postDateText);\n            if (parsedDate) {\n                const date = new Date(parsedDate);  \/\/ Chuy\u1ec3n \u0111\u1ed5i th\u00e0nh \u0111\u1ed1i t\u01b0\u1ee3ng Date h\u1ee3p l\u1ec7\n                formattedDate = formatTime(date, currentLang);  \/\/ \u0110\u1ecbnh d\u1ea1ng l\u1ea1i th\u1eddi gian theo ng\u00f4n ng\u1eef\n            } else {\n                \/\/ N\u1ebfu kh\u00f4ng ph\u1ea3i l\u00e0 ng\u00e0y th\u00e1ng th\u1ef1c t\u1ebf, ki\u1ec3m tra n\u1ebfu l\u00e0 kho\u1ea3ng th\u1eddi gian\n                formattedDate = convertTimeAgoToDate(postDateText);\n            }\n            \n            \/\/ Thay \u0111\u1ed5i n\u1ed9i dung c\u1ee7a th\u1ebb <a> th\u00e0nh th\u1eddi gian \u0111\u00e3 \u0111\u1ecbnh d\u1ea1ng\n            element.textContent = formattedDate;\n        }\n    });\n\n    \/\/ L\u1ea5y \u00f4 t\u00ecm ki\u1ebfm v\u00e0 thay \u0111\u1ed5i placeholder khi trang \u0111\u01b0\u1ee3c t\u1ea3i\n    const searchInput = document.querySelector('.search_field');\n    if (searchInput) {\n        const placeholders = {\n            vi: 'Nh\u1eadp t\u1eeb kh\u00f3a t\u00ecm ki\u1ebfm',\n            en: 'Search'\n        };\n\n        \/\/ C\u1eadp nh\u1eadt placeholder theo ng\u00f4n ng\u1eef\n        searchInput.setAttribute('placeholder', placeholders[currentLang] || placeholders['en']);\n    }\n});\n\n\n\n\n<\/script>\t\t\t\t<\/div>\n\t\t\t\t<\/div>\n\t\t\t\t\t<\/div>\n\t\t\t\t<\/div>\n\t\t\t\t<\/div>","protected":false},"excerpt":{"rendered":"<p>tesst tin tuc 60 minutes ago Xem Th\u00eam Post 3 days ago3 C\u00e1c d\u1ea1ng b\u00e0i ph\u1ea3n \u00e1nh \u2013&nbsp;B\u00e0i ph\u1ea3n \u00e1nh v\u1ec1 s\u1ef1 ki\u1ec7n, s\u1ef1 vi\u1ec7c: tin H\u1ed9i ngh\u1ecb, tin ANTT,&hellip;<\/p>","protected":false},"author":5,"featured_media":0,"parent":0,"menu_order":0,"comment_status":"closed","ping_status":"closed","template":"","meta":{"footnotes":""},"class_list":["post-7204","page","type-page","status-publish","hentry"],"yoast_head":"<!-- This site is optimized with the Yoast SEO plugin v25.7 - https:\/\/yoast.com\/wordpress\/plugins\/seo\/ -->\n<title>Tin T\u1ee9c - DNP<\/title>\n<meta name=\"robots\" content=\"noindex, follow, max-snippet:-1, max-image-preview:large, max-video-preview:-1\" \/>\n<meta property=\"og:locale\" content=\"en_US\" \/>\n<meta property=\"og:type\" content=\"article\" \/>\n<meta property=\"og:title\" content=\"Tin T\u1ee9c - DNP\" \/>\n<meta property=\"og:description\" content=\"tesst tin tuc 60 minutes ago Xem Th\u00eam Post 3 days ago3 C\u00e1c d\u1ea1ng b\u00e0i ph\u1ea3n \u00e1nh \u2013&nbsp;B\u00e0i ph\u1ea3n \u00e1nh v\u1ec1 s\u1ef1 ki\u1ec7n, s\u1ef1 vi\u1ec7c: tin H\u1ed9i ngh\u1ecb, tin ANTT,&hellip;\" \/>\n<meta property=\"og:url\" content=\"https:\/\/dnp-mt.com\/en\/news\/\" \/>\n<meta property=\"og:site_name\" content=\"DNP\" \/>\n<meta property=\"article:modified_time\" content=\"2025-05-29T10:25:54+00:00\" \/>\n<meta property=\"og:image\" content=\"https:\/\/dnp-mt.com\/wp-content\/uploads\/2025\/04\/image-1-2-1.png\" \/>\n<meta name=\"twitter:card\" content=\"summary_large_image\" \/>\n<meta name=\"twitter:label1\" content=\"Est. reading time\" \/>\n\t<meta name=\"twitter:data1\" content=\"3 minutes\" \/>\n<script type=\"application\/ld+json\" class=\"yoast-schema-graph\">{\"@context\":\"https:\/\/schema.org\",\"@graph\":[{\"@type\":\"WebPage\",\"@id\":\"https:\/\/dnp-mt.com\/news\/\",\"url\":\"https:\/\/dnp-mt.com\/news\/\",\"name\":\"Tin T\u1ee9c - DNP\",\"isPartOf\":{\"@id\":\"https:\/\/dnp-mt.com\/#website\"},\"primaryImageOfPage\":{\"@id\":\"https:\/\/dnp-mt.com\/news\/#primaryimage\"},\"image\":{\"@id\":\"https:\/\/dnp-mt.com\/news\/#primaryimage\"},\"thumbnailUrl\":\"https:\/\/dnp-mt.com\/wp-content\/uploads\/2025\/04\/image-1-2-1.png\",\"datePublished\":\"2025-04-21T06:04:34+00:00\",\"dateModified\":\"2025-05-29T10:25:54+00:00\",\"breadcrumb\":{\"@id\":\"https:\/\/dnp-mt.com\/news\/#breadcrumb\"},\"inLanguage\":\"en-US\",\"potentialAction\":[{\"@type\":\"ReadAction\",\"target\":[\"https:\/\/dnp-mt.com\/news\/\"]}]},{\"@type\":\"ImageObject\",\"inLanguage\":\"en-US\",\"@id\":\"https:\/\/dnp-mt.com\/news\/#primaryimage\",\"url\":\"https:\/\/dnp-mt.com\/wp-content\/uploads\/2025\/04\/image-1-2-1.png\",\"contentUrl\":\"https:\/\/dnp-mt.com\/wp-content\/uploads\/2025\/04\/image-1-2-1.png\"},{\"@type\":\"BreadcrumbList\",\"@id\":\"https:\/\/dnp-mt.com\/news\/#breadcrumb\",\"itemListElement\":[{\"@type\":\"ListItem\",\"position\":1,\"name\":\"Home\",\"item\":\"https:\/\/dnp-mt.com\/\"},{\"@type\":\"ListItem\",\"position\":2,\"name\":\"Tin T\u1ee9c\"}]},{\"@type\":\"WebSite\",\"@id\":\"https:\/\/dnp-mt.com\/#website\",\"url\":\"https:\/\/dnp-mt.com\/\",\"name\":\"DNP\",\"description\":\"We help you \u201cTurn ideas into reality.\u201d\",\"publisher\":{\"@id\":\"https:\/\/dnp-mt.com\/#organization\"},\"potentialAction\":[{\"@type\":\"SearchAction\",\"target\":{\"@type\":\"EntryPoint\",\"urlTemplate\":\"https:\/\/dnp-mt.com\/?s={search_term_string}\"},\"query-input\":{\"@type\":\"PropertyValueSpecification\",\"valueRequired\":true,\"valueName\":\"search_term_string\"}}],\"inLanguage\":\"en-US\"},{\"@type\":\"Organization\",\"@id\":\"https:\/\/dnp-mt.com\/#organization\",\"name\":\"DNP\",\"url\":\"https:\/\/dnp-mt.com\/\",\"logo\":{\"@type\":\"ImageObject\",\"inLanguage\":\"en-US\",\"@id\":\"https:\/\/dnp-mt.com\/#\/schema\/logo\/image\/\",\"url\":\"https:\/\/dnp-mt.com\/wp-content\/uploads\/2025\/04\/cropped-Logo-1-1-1.png\",\"contentUrl\":\"https:\/\/dnp-mt.com\/wp-content\/uploads\/2025\/04\/cropped-Logo-1-1-1.png\",\"width\":235,\"height\":68,\"caption\":\"DNP\"},\"image\":{\"@id\":\"https:\/\/dnp-mt.com\/#\/schema\/logo\/image\/\"}}]}<\/script>\n<!-- \/ Yoast SEO plugin. -->","yoast_head_json":{"title":"Tin T\u1ee9c - DNP","robots":{"index":"noindex","follow":"follow","max-snippet":"max-snippet:-1","max-image-preview":"max-image-preview:large","max-video-preview":"max-video-preview:-1"},"og_locale":"en_US","og_type":"article","og_title":"Tin T\u1ee9c - DNP","og_description":"tesst tin tuc 60 minutes ago Xem Th\u00eam Post 3 days ago3 C\u00e1c d\u1ea1ng b\u00e0i ph\u1ea3n \u00e1nh \u2013&nbsp;B\u00e0i ph\u1ea3n \u00e1nh v\u1ec1 s\u1ef1 ki\u1ec7n, s\u1ef1 vi\u1ec7c: tin H\u1ed9i ngh\u1ecb, tin ANTT,&hellip;","og_url":"https:\/\/dnp-mt.com\/en\/news\/","og_site_name":"DNP","article_modified_time":"2025-05-29T10:25:54+00:00","og_image":[{"url":"https:\/\/dnp-mt.com\/wp-content\/uploads\/2025\/04\/image-1-2-1.png","type":"","width":"","height":""}],"twitter_card":"summary_large_image","twitter_misc":{"Est. reading time":"3 minutes"},"schema":{"@context":"https:\/\/schema.org","@graph":[{"@type":"WebPage","@id":"https:\/\/dnp-mt.com\/news\/","url":"https:\/\/dnp-mt.com\/news\/","name":"Tin T\u1ee9c - DNP","isPartOf":{"@id":"https:\/\/dnp-mt.com\/#website"},"primaryImageOfPage":{"@id":"https:\/\/dnp-mt.com\/news\/#primaryimage"},"image":{"@id":"https:\/\/dnp-mt.com\/news\/#primaryimage"},"thumbnailUrl":"https:\/\/dnp-mt.com\/wp-content\/uploads\/2025\/04\/image-1-2-1.png","datePublished":"2025-04-21T06:04:34+00:00","dateModified":"2025-05-29T10:25:54+00:00","breadcrumb":{"@id":"https:\/\/dnp-mt.com\/news\/#breadcrumb"},"inLanguage":"en-US","potentialAction":[{"@type":"ReadAction","target":["https:\/\/dnp-mt.com\/news\/"]}]},{"@type":"ImageObject","inLanguage":"en-US","@id":"https:\/\/dnp-mt.com\/news\/#primaryimage","url":"https:\/\/dnp-mt.com\/wp-content\/uploads\/2025\/04\/image-1-2-1.png","contentUrl":"https:\/\/dnp-mt.com\/wp-content\/uploads\/2025\/04\/image-1-2-1.png"},{"@type":"BreadcrumbList","@id":"https:\/\/dnp-mt.com\/news\/#breadcrumb","itemListElement":[{"@type":"ListItem","position":1,"name":"Home","item":"https:\/\/dnp-mt.com\/"},{"@type":"ListItem","position":2,"name":"Tin T\u1ee9c"}]},{"@type":"WebSite","@id":"https:\/\/dnp-mt.com\/#website","url":"https:\/\/dnp-mt.com\/","name":"DNP","description":"We help you \u201cTurn ideas into reality.\u201d","publisher":{"@id":"https:\/\/dnp-mt.com\/#organization"},"potentialAction":[{"@type":"SearchAction","target":{"@type":"EntryPoint","urlTemplate":"https:\/\/dnp-mt.com\/?s={search_term_string}"},"query-input":{"@type":"PropertyValueSpecification","valueRequired":true,"valueName":"search_term_string"}}],"inLanguage":"en-US"},{"@type":"Organization","@id":"https:\/\/dnp-mt.com\/#organization","name":"DNP","url":"https:\/\/dnp-mt.com\/","logo":{"@type":"ImageObject","inLanguage":"en-US","@id":"https:\/\/dnp-mt.com\/#\/schema\/logo\/image\/","url":"https:\/\/dnp-mt.com\/wp-content\/uploads\/2025\/04\/cropped-Logo-1-1-1.png","contentUrl":"https:\/\/dnp-mt.com\/wp-content\/uploads\/2025\/04\/cropped-Logo-1-1-1.png","width":235,"height":68,"caption":"DNP"},"image":{"@id":"https:\/\/dnp-mt.com\/#\/schema\/logo\/image\/"}}]}},"_links":{"self":[{"href":"https:\/\/dnp-mt.com\/en\/wp-json\/wp\/v2\/pages\/7204","targetHints":{"allow":["GET"]}}],"collection":[{"href":"https:\/\/dnp-mt.com\/en\/wp-json\/wp\/v2\/pages"}],"about":[{"href":"https:\/\/dnp-mt.com\/en\/wp-json\/wp\/v2\/types\/page"}],"author":[{"embeddable":true,"href":"https:\/\/dnp-mt.com\/en\/wp-json\/wp\/v2\/users\/5"}],"replies":[{"embeddable":true,"href":"https:\/\/dnp-mt.com\/en\/wp-json\/wp\/v2\/comments?post=7204"}],"version-history":[{"count":0,"href":"https:\/\/dnp-mt.com\/en\/wp-json\/wp\/v2\/pages\/7204\/revisions"}],"wp:attachment":[{"href":"https:\/\/dnp-mt.com\/en\/wp-json\/wp\/v2\/media?parent=7204"}],"curies":[{"name":"wp","href":"https:\/\/api.w.org\/{rel}","templated":true}]}}